{"id":53,"date":"2021-11-18T11:48:26","date_gmt":"2021-11-18T11:48:26","guid":{"rendered":"http:\/\/www.jamarbhp.pl\/?page_id=53"},"modified":"2021-11-18T12:50:05","modified_gmt":"2021-11-18T12:50:05","slug":"uslugi-bhp","status":"publish","type":"page","link":"https:\/\/www.jamarbhp.pl\/index.php\/uslugi-bhp\/","title":{"rendered":"Us\u0142ugi BHP"},"content":{"rendered":"\n<p><strong>Audyty system\u00f3w zarz\u0105dzania BHP<\/strong> <br><strong>Audyty warunk\u00f3w pracy<br>Pomiary \u015brodowiska pracy<br>Audyty system\u00f3w zarz\u0105dzania BHP Sprawdzenie zgodno\u015bci stosowanych rozwi\u0105za\u0144 i procedur oraz stanu faktycznego z wymogami odno\u015bnych regulacji (BHP ISO 45001). Oferujemy pomoc przy wdra\u017caniu normy BHP ISO 45001<\/strong><\/p>\n\n\n\n<p><\/p>\n\n\n\n<h1>Audyty warunk\u00f3w pracy<\/h1>\n\n\n\n<p>Przeprowadzanie kompleksowego przegl\u0105du stanowisk pracy oraz dokumentacji firmy z obszaru bhp i sporz\u0105dzenie raport\u00f3w.<\/p>\n\n\n\n<h1>Ocena ryzyka zawodowego&nbsp;<\/h1>\n\n\n\n<p>W wyniku harmonizowania przepis\u00f3w prawa polskiego z wymaganiami unijnymi, w szczeg\u00f3lno\u015bci dyrektywy ramowej 89\/391\/EWG o wprowadzeniu \u015brodk\u00f3w w celu zwi\u0119kszenia bezpiecze\u0144stwa i poprawy zdrowia pracownik\u00f3w podczas pracy, zapisy dotycz\u0105ce ryzyka zawodowego wprowadzono do Kodeksu pracy w 1991 roku. Pierwszy zapis, jaki pojawi\u0142 si\u0119 na temat ryzyka zawodowego zawiera\u0142 si\u0119 w jednym zdaniu w \u00f3wczesnym art. 215 kodeksu pracy: \u201eZak\u0142ad pracy zobowi\u0105zany jest do informowania pracownik\u00f3w o ryzyku zawodowym, kt\u00f3re wi\u0105\u017ce si\u0119 z wykonywan\u0105 prac\u0105.\u201d<\/p>\n\n\n\n<p>&nbsp;Przeprowadzamy kompleksowa dokumentacje oceny ryzyka zawodowego, stosuj\u0105c nowatorskie metody<\/p>\n\n\n\n<ul><li>Pomagamy w przeprowadzeniu oceny ryzyka zawodowego na czynniki chemiczne;<\/li><li>Pomagamy w przeprowadzaniu oceny ryzyka zawodowego na czynniki biologiczne.<\/li><\/ul>\n\n\n\n<p><strong>Dokumentacja powypadkowa<\/strong><\/p>\n\n\n\n<p>Udzia\u0142 w pracy zespo\u0142u powypadkowego powo\u0142anego u zleceniodawcy, ogl\u0119dziny miejsca wypadku, kontakt ze s\u0142u\u017cbami pa\u0144stwowymi, konsultacje z lekarzami, opracowanie protoko\u0142\u00f3w i kart, proponowanie zalece\u0144 profilaktycznych, dokumentacja dla ZUS i GUS. Opracowania dokumentacji przekrojowej, na podstawie danych kilkuletnich, dla cel\u00f3w profilaktyki.<\/p>\n\n\n\n<p><strong>Outsourcing BHP<\/strong><\/p>\n\n\n\n<p>\u015awiadczymy wysoko wyspecjalizowane us\u0142ugi w zakresie bezpiecze\u0144stwa i higieny pracy poprzez sprawowanie sta\u0142ego nadzoru nad warunkami pracy, jako s\u0142u\u017cba zewn\u0119trzna (outsourcing) i etatowa. W naszej dzia\u0142alno\u015bci wykonujemy wszelkie czynno\u015bci wynikaj\u0105ce z obowi\u0105zuj\u0105cych przepis\u00f3w, zar\u00f3wno w ramach um\u00f3w sta\u0142ych), jak jednorazowych zlece\u0144.<\/p>\n\n\n\n<p><strong>Obs\u0142uga sta\u0142a BHP<\/strong><\/p>\n\n\n\n<p>Pe\u0142nienie zada\u0144 s\u0142u\u017cby bhp w formie zapewniaj\u0105cej przestrzeganie przez zleceniodawc\u0119 wymog\u00f3w przepis\u00f3w, co s\u0142u\u017cy ograniczeniu ryzyka wypadk\u00f3w przy pracy, w tym przede wszystkim: bie\u017c\u0105ce doradztwo w zakresie interpretacji przepis\u00f3w, przeprowadzanie systematycznych kontroli stanu warunk\u00f3w pracy, opracowywanie dokumentacji powypadkowej, udzia\u0142 w reprezentowaniu klienta przed organami kontroli pa\u0144stwowej nad warunkami pracy (PIP, PIS, UDT i inne), przygotowywanie dokumentacji wewn\u0119trznej z obszaru bhp.<\/p>\n\n\n\n<p><strong>Pomiary \u015brodowiska pracy<\/strong><\/p>\n\n\n\n<p>Zapewniamy pomoc w organizacji pomiar\u00f3w czynnik\u00f3w szkodliwych w \u015brodowisku pracy. Posiadamy w\u0142asny sprz\u0119t decybelomierz, kt\u00f3rym jeste\u015bmy w stanie wykona\u0107 wst\u0119pny pomiar ha\u0142asu przy maszynach.<br>Ponadto wsp\u00f3\u0142pracujemy z laboratoriami akredytowanymi wykonuj\u0105cymi pomiary \u015brodowiska pracy oraz pomiary \u015brodowiskowe.<\/p>\n","protected":false},"excerpt":{"rendered":"<p>Audyty system\u00f3w zarz\u0105dzania BHP Audyty warunk\u00f3w pracyPomiary \u015brodowiska pracyAudyty system\u00f3w zarz\u0105dzania BHP Sprawdzenie zgodno\u015bci stosowanych rozwi\u0105za\u0144 i procedur oraz stanu faktycznego z wymogami odno\u015bnych regulacji (BHP ISO 45001). Oferujemy pomoc przy wdra\u017caniu normy BHP ISO 45001 Audyty warunk\u00f3w pracy Przeprowadzanie kompleksowego przegl\u0105du stanowisk pracy oraz dokumentacji firmy z obszaru bhp i sporz\u0105dzenie raport\u00f3w. Ocena ryzyka &hellip; <\/p>\n<p class=\"link-more\"><a href=\"https:\/\/www.jamarbhp.pl\/index.php\/uslugi-bhp\/\" class=\"more-link\">Czytaj dalej<span class=\"screen-reader-text\"> Us\u0142ugi BHP<\/span><\/a><\/p>\n","protected":false},"author":1,"featured_media":0,"parent":0,"menu_order":0,"comment_status":"closed","ping_status":"closed","template":"","meta":[],"_links":{"self":[{"href":"https:\/\/www.jamarbhp.pl\/index.php\/wp-json\/wp\/v2\/pages\/53"}],"collection":[{"href":"https:\/\/www.jamarbhp.pl\/index.php\/wp-json\/wp\/v2\/pages"}],"about":[{"href":"https:\/\/www.jamarbhp.pl\/index.php\/wp-json\/wp\/v2\/types\/page"}],"author":[{"embeddable":true,"href":"https:\/\/www.jamarbhp.pl\/index.php\/wp-json\/wp\/v2\/users\/1"}],"replies":[{"embeddable":true,"href":"https:\/\/www.jamarbhp.pl\/index.php\/wp-json\/wp\/v2\/comments?post=53"}],"version-history":[{"count":3,"href":"https:\/\/www.jamarbhp.pl\/index.php\/wp-json\/wp\/v2\/pages\/53\/revisions"}],"predecessor-version":[{"id":74,"href":"https:\/\/www.jamarbhp.pl\/index.php\/wp-json\/wp\/v2\/pages\/53\/revisions\/74"}],"wp:attachment":[{"href":"https:\/\/www.jamarbhp.pl\/index.php\/wp-json\/wp\/v2\/media?parent=53"}],"curies":[{"name":"wp","href":"https:\/\/api.w.org\/{rel}","templated":true}]}}