{"id":50,"date":"2021-11-18T11:43:44","date_gmt":"2021-11-18T11:43:44","guid":{"rendered":"http:\/\/www.jamarbhp.pl\/?page_id=50"},"modified":"2022-03-09T10:56:50","modified_gmt":"2022-03-09T10:56:50","slug":"ochrona-srodowiska","status":"publish","type":"page","link":"https:\/\/www.jamarbhp.pl\/index.php\/ochrona-srodowiska\/","title":{"rendered":"Ochrona \u015arodowiska"},"content":{"rendered":"\n<p>PROFESJONALNE DORADZTWO W ZAKRESIE OCHRONY \u015aRODOWISKA<\/p>\n\n\n\n<p>Jeste\u015bmy pasjonatami w bran\u017cy ochrony \u015brodowiska. Dostarczamy kompleksowe us\u0142ugi outsorcingowe i doradcze w zakresie ochrony \u015brodowiska dla firm. Pomo\u017cemy w uzyskaniu decyzji \u015brodowiskowych, pozwole\u0144, pozwole\u0144 zintegrowanych, oraz pe\u0142nej bie\u017c\u0105cej obs\u0142udze firm w zakresie ochrony \u015brodowiska.<br>Pomo\u017cemy w sporz\u0105dzaniu sprawozda\u0144 do odpowiednich organ\u00f3w administracji rz\u0105dowej w zakresie wype\u0142niania obowi\u0105zk\u00f3w wynikaj\u0105cych z przepis\u00f3w Ochrony \u015arodowiska, gospodarki odpadami, op\u0142at zwi\u0105zanych ze \u015brodowiskiem uzupe\u0142nianie baz danych KOBIZE itp.<\/p>\n\n\n\n<p><em>DECYZJE \u015aRODOWISKOWE\u00a0\u00a0\u00a0\u00a0\u00a0\u00a0\u00a0\u00a0\u00a0\u00a0\u00a0<\/em><br><em>KONCEPCJA ZAGOSPODAROWANIA TERENU\u00a0\u00a0\u00a0\u00a0\u00a0\u00a0\u00a0\u00a0\u00a0\u00a0\u00a0\u00a0\u00a0\u00a0\u00a0\u00a0\u00a0\u00a0\u00a0\u00a0\u00a0\u00a0\u00a0\u00a0\u00a0\u00a0\u00a0 <\/em><br><em>EMISJA DO POWIETRZA\u00a0\u00a0\u00a0\u00a0\u00a0\u00a0\u00a0\u00a0\u00a0\u00a0\u00a0\u00a0\u00a0\u00a0\u00a0\u00a0\u00a0\u00a0\u00a0\u00a0\u00a0\u00a0\u00a0\u00a0\u00a0\u00a0\u00a0\u00a0 <\/em><br><em>MONOGRAFIE PRZYR<\/em>ODNICZA<br><em>POZWOLENIA ZINTEGROWANE\u00a0\u00a0\u00a0\u00a0\u00a0\u00a0\u00a0\u00a0\u00a0\u00a0\u00a0\u00a0\u00a0\u00a0 <\/em><br><em>GOSPODARKA ODPADAMI\u00a0\u00a0\u00a0\u00a0\u00a0\u00a0\u00a0\u00a0\u00a0\u00a0\u00a0\u00a0\u00a0\u00a0\u00a0\u00a0\u00a0\u00a0\u00a0\u00a0\u00a0\u00a0\u00a0 \u00a0\u00a0\u00a0\u00a0\u00a0\u00a0\u00a0\u00a0\u00a0\u00a0\u00a0\u00a0\u00a0\u00a0\u00a0\u00a0\u00a0\u00a0\u00a0\u00a0\u00a0\u00a0\u00a0\u00a0\u00a0\u00a0\u00a0 <\/em><br><em>GOSPODARKA WODNO \u015aCIEKOWA<\/em><br><em>STA\u0141A OBS\u0141UGA FIRM\u00a0\u00a0\u00a0\u00a0\u00a0\u00a0\u00a0\u00a0\u00a0\u00a0\u00a0\u00a0\u00a0\u00a0\u00a0\u00a0\u00a0\u00a0\u00a0\u00a0\u00a0\u00a0\u00a0\u00a0\u00a0\u00a0\u00a0\u00a0\u00a0\u00a0 <\/em><br><em>UZUPE\u0141NIANIE BAZ DANYCH KOBIZE<\/em><\/p>\n\n\n\n<p><strong>Decyzje \u015brodowiskowe<\/strong><\/p>\n\n\n\n<p>Prowadzimy kompleksowe post\u0119powania \u015brodowiskowe, w rozumieniu Ustawy o udost\u0119pnianiu informacji o \u015brodowisku i jego ochronie (&#8230;), dla przedsi\u0119wzi\u0119\u0107 okreslonych w \u00a7 2 i 3 rozporz\u0105dzenia Rady Ministr\u00f3w w sprawie przedsi\u0119wzi\u0119\u0107 mog\u0105cych znacz\u0105co oddzia\u0142ywa\u0107 na \u015brodowisko.<\/p>\n\n\n\n<p>W ka\u017cdy nasz projekt zaanga\u017cowany jest zesp\u00f3\u0142 do\u015bwiadczonych bran\u017cyst\u00f3w, dzi\u0119ki temu mo\u017cemy Pa\u0144stwu zagwarantowa\u0107 wysok\u0105 jako\u015b\u0107 dokumentacji oraz zarz\u0105dzanie projektem ukierunkowane na zminimalizowanie czasu uzyskania decyzji \u015brodowiskowej.<\/p>\n\n\n\n<p>Sprawy prowadzimy na podstawie udzielonego pe\u0142nomocnictwa, do momentu uzyskania ostatecznej decyzji \u015brodowiskowej.<\/p>\n\n\n\n<p><strong>Szczeg\u00f3\u0142owy zakres us\u0142ug:<\/strong><\/p>\n\n\n\n<ul><li>raporty oddzia\u0142ywania na \u015brodowisko<\/li><li>karty informacyjny przedsi\u0119wzi\u0119\u0107 w zakresie podstawowym i rozszerzonym<\/li><li>audyty przedsi\u0119wzi\u0119cia\/inwestycji pod k\u0105tem zasadno\u015bci i wymagalno\u015bci uzyskania decyzji \u015brodowiskowej<\/li><li>audyty wybranej przez Inwestora lokalizacji przedsi\u0119wzi\u0119cia pod k\u0105tem ryzyka \u015brodowiskowego (potencjalne konflikty spo\u0142eczne, wykluczenia wynikaj\u0105ce z &nbsp;uwarunkowa\u0144 planistycznych, obszary chronione przyrodniczo, ska\u017cenia gruntu, wykluczenia wynikaj\u0105ce z ochrony w\u00f3d podziemnych, uj\u0119\u0107 wody i in.)<\/li><li>post\u0119powania odwo\u0142awcze przed Samorz\u0105dowymi Kolegiami Odwo\u0142awczymi i Wojew\u00f3dzkimi S\u0105dami Administracyjnymi<\/li><li>specjalistyczne oceny (audyty) dokumentacji Raport\u00f3w \u015brodowiskowych oraz poprawno\u015bci przebiegu post\u0119powania administracyjnego w ramach wydania decyzji \u015brodowiskowej dla Organizacji spo\u0142ecznych i Klient\u00f3w indywidualnych<\/li><li>weryfikacje dokumentacji \u015brodowiskowej dla projekt\u00f3w finansowanych ze \u015brodk\u00f3w Unii Europejskiej<\/li><li>inwentaryzacje przyrodnicze<\/li><li>analizy po realizacyjne<\/li><\/ul>\n\n\n\n<p><strong>W ramach naszego wsparcia ka\u017cdorazowo zapewniamy Pa\u0144stwu:<\/strong><\/p>\n\n\n\n<ul><li>sta\u0142y nadz\u00f3r nad prowadzonym post\u0119powaniem na podstawie udzielonego pe\u0142nomocnictwa<\/li><li>bie\u017c\u0105ce uzgodnienia\/spotkania z biurem architektoniczno \u2013 projektowym wraz z koordynacj\u0105 poszczeg\u00f3lnych bran\u017c oraz technologiem procesu<\/li><li>uzgodnienia z organami opiniuj\u0105cymi (RDO\u015a, Inspekcja sanitarna) oraz z Organem prowadz\u0105cym post\u0119powanie, w zakresie ustalenia zapis\u00f3w decyzji oraz ewentualnych uwag i uzupe\u0142nie\u0144<\/li><li>konsultacje spo\u0142eczne, mediacje z lokalnymi stowarzyszeniami, mieszka\u0144cami<\/li><\/ul>\n\n\n\n<p><strong>Pozwolenia zintegrowane<\/strong><\/p>\n\n\n\n<p><strong>Szczeg\u00f3\u0142owy zakres us\u0142ug:<\/strong><\/p>\n\n\n\n<ul><li>Wnioski o wydanie\/zmian\u0119 pozwole\u0144 zintegrowanych (IPPC)<\/li><li>Konsultacje i analizy dot. zasadno\u015bci uzyskiwania\/zmiany, podlegania pod standardy i konkluzje BAT, wy\u0142\u0105czania i w\u0142\u0105czania instalacji powi\u0105zanych i peryferyjnych do pozwolenia oraz innych zagadnie\u0144 formalno-prawnych zwi\u0105zanych z pozwoleniami zintegrowanymi i dyrektyw\u0105 IED<\/li><li>Akredytowane pomiary emisji do powietrza, \u015bciek\u00f3w i ha\u0142asu w ramach automonitoringu instalacji, wynikaj\u0105cego z decyzji IPPC<\/li><li>Analizy ryzyka IED, analizy zasadno\u015bci wykonywania pe\u0142nego Raportu pocz\u0105tkowego<\/li><li>Raporty pocz\u0105tkowe do pozwole\u0144 zintegrowanych w pe\u0142nym zakresie dyrektywy IED<ul><li>okre\u015blenie siatki pobor\u00f3w, dob\u00f3r ilo\u015bciowy i jako\u015bciowy parametr\u00f3w, pob\u00f3r i analiza chemiczna pr\u00f3b,<\/li><li>sprawozdanie rozpoznanie historyczne gruntu,<\/li><li>analizy i studia graficzne terenu instalacji w kontek\u015bcie uwolnie\u0144 substancji stwarzaj\u0105cych ryzyko.<\/li><\/ul><\/li><\/ul>\n\n\n\n<p><strong>Sta\u0142a obs\u0142uga<\/strong><\/p>\n\n\n\n<p>Sta\u0142\u0105 obs\u0142ug\u0119 realizujemy poprzez dedykowanego dla Pa\u0144stwa firmy opiekuna, kt\u00f3ry na bie\u017c\u0105co prowadzi Pa\u0144stwa sprawy i jest do Pa\u0144stwa dyspozycji. Nasz wypracowany, wieloletni potencja\u0142 to przesz\u0142o kilkaset obs\u0142ugiwanych firm i zak\u0142ad\u00f3w z terenu ca\u0142ego kraju, w tym wi\u0119kszo\u015b\u0107 o charakterze korporacyjnym i mi\u0119dzynarodowym. W zwi\u0105zku z tym, mo\u017cemy Pa\u0144stwu zaoferowa\u0107 nasz\u0105 pomoc i do\u015bwiadczenie praktycznie we wszystkich bran\u017cach i ga\u0142\u0119ziach przemys\u0142u.<\/p>\n\n\n\n<p><strong>Szczeg\u00f3\u0142owy zakres proponowanej wsp\u00f3\u0142pracy:<\/strong><\/p>\n\n\n\n<ul><li>cykliczne rozliczanie op\u0142at za gospodarcze korzystanie ze \u015brodowiska, op\u0142at produktowych oraz prowadzenie wymaganej ewidencji sprawozdawczej do urz\u0119du<\/li><li>cykliczne przedk\u0142adanie do Urz\u0119du Marsza\u0142kowskiego sprawozdania o ilo\u015bci wytworzonych odpad\u00f3w i sposobach gospodarowania nimi<\/li><li>prowadzenie kart ewidencji odpad\u00f3w, wraz z bie\u017c\u0105c\u0105 informacj\u0105 o mo\u017cliwo\u015bci przekrocze\u0144 w ilo\u015bci wytworzonych odpad\u00f3w<\/li><li>cykliczne rozliczanie sprawozda\u0144 do G\u0142\u00f3wnego Urz\u0119du Statystycznego<\/li><li>&nbsp;przeprowadzanie regularnego audytu \u015brodowiskowego na zak\u0142adzie, stwierdzaj\u0105cego ewentualne niezgodno\u015bci w zakresie ochrony \u015brodowiska i mo\u017cliwo\u015bci doskonalenia (obs\u0142uga i outsourcing)<\/li><li>monitoring formalno \u2013 prawny, przestrzegania zapis\u00f3w w Pa\u0144stwa decyzjach administracyjnych dotycz\u0105cych ochrony \u015brodowiska&nbsp;(obs\u0142uga i outsourcing)<\/li><li>pomoc we wdro\u017ceniach i audytach wewn\u0119trznych\/zewn\u0119trznych systemu ISO 14001, audytach zr\u00f3wnowa\u017conego rozwoju, audytach dostawc\u00f3w oraz audytach odpowiedzialno\u015bci spo\u0142ecznej CSR.<\/li><li>nadzorowanie firmy w zakresie wymaga\u0144 Ustawy o zu\u017cytym sprz\u0119cie elektrycznym i elektronicznym, negocjowanie cen oraz umowy z organizacjami odzysku, uzyskanie wpisu u G\u0142\u00f3wnego Inspektora Ochrony \u015arodowiska (obs\u0142uga i outsourcing), prowadzenie ewidencji zgodnie z przedmiotow\u0105 ustaw\u0105, cykliczne przedk\u0142adanie sprawozda\u0144 do Urz\u0119du Marsza\u0142kowskiego, nadz\u00f3r nad zmianami prawnymi<\/li><li>nadzorowanie firmy w zakresie wymaga\u0144 Ustawy o bateriach i akumulatorach, negocjowanie cen oraz umowy z organizacjami odzysku, uzyskanie wpisu u G\u0142\u00f3wnego Inspektora Ochrony \u015arodowiska (obs\u0142uga i outsourcing), prowadzenie ewidencji zgodnie z przedmiotow\u0105 ustaw\u0105, cykliczne przedk\u0142adanie sprawozda\u0144 do Urz\u0119du Marsza\u0142kowskiego, nadz\u00f3r nad zmianami prawnymi<\/li><li>nadzorowanie firmy w zakresie wymaga\u0144 Ustawy o opakowaniach i odpadach opakowaniowych, negocjowanie cen oraz umowy z organizacjami odzysku, uzyskanie wpisu u G\u0142\u00f3wnego Inspektora Ochrony \u015arodowiska, prowadzenie ewidencji zgodnie z przedmiotow\u0105 ustaw\u0105, cykliczne przedk\u0142adanie sprawozda\u0144 do Urz\u0119du Marsza\u0142kowskiego, nadz\u00f3r nad zmianami prawnymi<\/li><li>prowadzenie konta zak\u0142adu w Krajowej Bazie o Emisjach Gaz\u00f3w Cieplarnianych i Innych Emisjach (KOBIZE)<\/li><li>utworzenie i zainicjowanie rejestracji firmy w Centralnym Rejestrze Operator\u00f3w Urz\u0105dze\u0144 i System\u00f3w Ochrony Przeciwpo\u017carowej (CRO)<\/li><li>wype\u0142nianie obowi\u0105zk\u00f3w zak\u0142adu zwi\u0105zanych z Europejskim Rejestrem Uwalniania i Transferu Zanieczyszcze\u0144 (PRTR)<\/li><li>wype\u0142nianie obowi\u0105zk\u00f3w zak\u0142adu zwi\u0105zanych z substancjami stwarzaj\u0105cymi szczeg\u00f3lne zagro\u017cenie dla \u015brodowiska (azbest, PCB, substancje kontrolowane)<\/li><li>audyty \u015brodowiskowe u dostawc\u00f3w<\/li><li>reprezentowanie Pa\u0144stwa interes\u00f3w w zakresie ochrony \u015brodowiska w kontaktach z przedstawicielami jednostek administracji publicznej (na podstawie udzielonego pe\u0142nomocnictwa)<\/li><li>reagowanie na wezwania odpowiedniego organu administracji (Inspektorat Ochrony \u015arodowiska, Starostwo, Urz\u0105d Miasta i Gminy) oraz na wezwania Zleceniodawcy w ci\u0105gu 7 dni od otrzymania takiego wezwania<\/li><li>obecno\u015b\u0107 naszych pracownik\u00f3w przy jakiejkolwiek kontroli Pa\u0144stwa zak\u0142adu w zakresie ochrony \u015brodowiska&nbsp;(obs\u0142uga i outsourcing)<\/li><li>sta\u0142e nadzorowanie i wdra\u017canie nowych przepis\u00f3w z zakresu prawa ochrony \u015brodowiska<\/li><li>doradztwo \u015brodowiskowe w ramach bie\u017c\u0105cej dzia\u0142alno\u015bci zak\u0142adu wraz z zaproponowaniem konkretnych rozwi\u0105za\u0144 formalno \u2013 prawnych i udzielaniem wi\u0105\u017c\u0105cych porad prawnych opartych na aktualnie obowi\u0105zuj\u0105cych przepisach oraz interpretacjach organ\u00f3w administracyjnych<\/li><li>doradztwo \u015brodowiskowe podczas nowych projekt\u00f3w inwestycyjnych, rozbudowy istniej\u0105cego zak\u0142adu lub realizacji nowego<\/li><li>nadzorowanie um\u00f3w odpadowych z firmami zewn\u0119trznymi (m.in. sprawdzenie niedozwolonych klauzul) wraz z weryfikacj\u0105 legalno\u015bci ich dzia\u0142ania<\/li><li>przeprowadzenie szkole\u0144 dla Pracownik\u00f3w zak\u0142adu, w celu przestrzegania wymog\u00f3w decyzji administracyjnych<\/li><li>opracowanie wewn\u0105trzzak\u0142adowych procedur organizacyjnych zapewniaj\u0105cych funkcjonowanie zak\u0142adu zgodnie z zapisami aktualnie obowi\u0105zuj\u0105cego Prawa Ochrony \u015arodowiska<\/li><li>nadzorowanie obowi\u0105zk\u00f3w pomiarowych zak\u0142adu (powietrze, woda, \u015bcieki, ha\u0142as) wraz z organizacj\u0105 termin\u00f3w i warunk\u00f3w pomiaru<\/li><li>prowadzenie na bie\u017c\u0105co aktualizowanego, szczeg\u00f3\u0142owego rejestru akt\u00f3w prawnych &#8211; w zakresie prowadzonej przez zak\u0142ad dzia\u0142alno\u015bci<\/li><li>wsparcie dzia\u0142\u00f3w Pa\u0144stwa firmy: technicznego, ksi\u0119gowego, zakupowego, magazynowego oraz inwestycyjnego w obszarze ochrony \u015brodowiska<\/li><\/ul>\n\n\n\n<p><strong>Gospodarka odpadami<\/strong><\/p>\n\n\n\n<p>Prowadzimy kompleksowe post\u0119powania w zakresie uzyskania\/zmiany pozwole\u0144 i zezwole\u0144 w sektorze gospodarki odpadami m.in. na wytwarzanie odpad\u00f3w.<br>W ka\u017cdy nasz projekt zaanga\u017cowany jest zesp\u00f3\u0142 do\u015bwiadczonych bran\u017cyst\u00f3w, dzi\u0119ki czemu mo\u017cemy Pa\u0144stwu zagwarantowa\u0107 wysok\u0105 jako\u015b\u0107 dokumentacji oraz zarz\u0105dzanie projektem ukierunkowane na zminimalizowanie czasu uzyskania decyzji.<br>Sprawy prowadzimy na podstawie udzielonego pe\u0142nomocnictwa, do momentu uzyskania ostatecznej decyzji administracyjnej.<\/p>\n\n\n\n<p>Szczeg\u00f3\u0142owy zakres us\u0142ug:<\/p>\n\n\n\n<ul><li>wnioski o wydanie pozwolenia na wytwarzanie odpad\u00f3w<\/li><li>wnioski o uzyskanie zezwolenia w zakresie: przetwarzania (odzysku i unieszkodliwiania), zbierania i transportu odpad\u00f3w<\/li><li>konsultacje i analizy w\/s zasadno\u015bci uzyskiwania pozwolenia, zmiany pozwolenia, podlegania firmy pod zapisy Ustaw i akt\u00f3w wykonwczych oraz innych zagadnie\u0144 zwi\u0105zanych z gospodark\u0105 odpadami<\/li><li>programy gospodarowania odpadami wydobywczymi<\/li><li>transgraniczny transport odpad\u00f3w, notyfikacje<\/li><li>instrukcje prowadzenia (eksploatacji) sk\u0142adowisk<\/li><li>wnioski o wydanie decyzji wyra\u017caj\u0105cej zgod\u0119 na zamkni\u0119cie sk\u0142adowiska odpad\u00f3w<\/li><li>opinie i koncepcje dotycz\u0105ce odpad\u00f3w przemys\u0142owych<\/li><li>zak\u0142adowe instrukcje i procedury post\u0119powania z odpadami<\/li><li>programy gospodarowania odpadami wydobywczymi<\/li><\/ul>\n\n\n\n<p><strong>Dla Samorz\u0105d\u00f3w<\/strong><\/p>\n\n\n\n<ul><li>Aktualizacje Program\u00f3w Ochrony \u015arodowiska i Plan\u00f3w Gospodarki Odpadami<\/li><li>Prognozy oddzia\u0142ywania na \u015brodowisko dokument\u00f3w strategicznych<\/li><li>Plany Gospodarki Niskoemisyjnej<\/li><li>Audyty Raport\u00f3w oddzia\u0142ywania na \u015brodowisko i weryfikacja dokumentacji Wnioskodawcy w roli niezale\u017cnego bieg\u0142ego<\/li><li>Akredytowane pomiary ha\u0142asu \u015brodowiskowego, pochodz\u0105cego od zak\u0142ad\u00f3w przemys\u0142owych, dr\u00f3g i kolei<\/li><\/ul>\n\n\n\n<p><strong>Emisja do powietrza<\/strong><\/p>\n\n\n\n<p>W ka\u017cdy nasz projekt zaanga\u017cowani s\u0105 do\u015bwiadczeni bran\u017cy\u015bci, dzi\u0119ki temu mo\u017cemy Pa\u0144stwu zagwarantowa\u0107 wysok\u0105 jako\u015b\u0107 dokumentacji oraz zarz\u0105dzanie projektem ukierunkowane na zminimalizowanie czasu uzyskania decyzji.<\/p>\n\n\n\n<p>Ze wzgl\u0119du na&nbsp; specyfik\u0119 zagadnie\u0144 ochrony powietrza, ka\u017cdorazowo w ramach zlecenia, zapewniamy Pa\u0144stwu wizj\u0119 na zak\u0142adzie i ogl\u0119dziny instalacji w aspekcie technicznym i emisyjnym.<\/p>\n\n\n\n<p>Sprawy prowadzimy na podstawie udzielonego pe\u0142nomocnictwa, do momentu uzyskania ostatecznej decyzji administracyjnej.<\/p>\n\n\n\n<p><strong>Szczeg\u00f3\u0142owy zakres us\u0142ug:<\/strong><\/p>\n\n\n\n<ul><li>wnioski o wydanie pozwolenia na wprowadzanie do powietrza gaz\u00f3w i py\u0142\u00f3w<\/li><li>zg\u0142oszenia instalacji<\/li><li>konsultacje i analizy zasadno\u015bci uzyskiwania pozwolenia, zmiany pozwolenia, zg\u0142oszenia instalacji, podlegania pod standardy emisyjne LZO, spe\u0142niania standard\u00f3w emisyjnych, imisyjnych oraz innych zagadnie\u0144 zwi\u0105zanych z emisj\u0105 do powietrza<\/li><li>analizy oddzia\u0142ywania zak\u0142ad\u00f3w i instalacji w kontek\u015bcie emisji do powietrza<\/li><li>analizy uci\u0105\u017cliwo\u015bci zak\u0142ad\u00f3w w zakresie odor\u00f3w i zwi\u0105zk\u00f3w z\u0142owonnych<\/li><li>pomiary emisji i imisji zanieczyszcze\u0144<\/li><li>uzupe\u0142nianie baz danych KOBIZE<\/li><\/ul>\n\n\n\n<p><strong>Gospodarka wodno-\u015bciekowa<\/strong><\/p>\n\n\n\n<p>Prowadzimy kompleksowe post\u0119powania w zakresie uzyskania lub zmiany pozwole\u0144 wodnoprawnych w trybie art. 122 oraz zg\u0142osze\u0144 wodnoprawnych w trybie art. 123a Prawa wodnego.<\/p>\n\n\n\n<p>W ka\u017cdy nasz projekt zaanga\u017cowany jest zesp\u00f3\u0142 do\u015bwiadczonych bran\u017cyst\u00f3w, dzi\u0119ki temu mo\u017cemy Pa\u0144stwu zagwarantowa\u0107 wysok\u0105 jako\u015b\u0107 dokumentacji oraz zarz\u0105dzanie projektem ukierunkowane na zminimalizowanie czasu uzyskania decyzji.<\/p>\n\n\n\n<p>Sprawy prowadzimy na podstawie udzielonego pe\u0142nomocnictwa, do momentu uzyskania ostatecznej decyzji administracyjnej.<\/p>\n\n\n\n<p><strong>Szczeg\u00f3\u0142owy zakres us\u0142ug:<\/strong><\/p>\n\n\n\n<ul><li>operaty wodnoprawne na zrzut \u015bciek\u00f3w oraz pob\u00f3r w\u00f3d<\/li><li>zg\u0142oszenia wodno prawne<\/li><li>profile k\u0105pielisk<\/li><li>badania i oznaczenia zanieczyszcze\u0144 \u015bciek\u00f3w i wody<\/li><\/ul>\n\n\n\n<p><strong>Uzupe\u0142nianie baz danych&nbsp; KOBIZE<\/strong><\/p>\n","protected":false},"excerpt":{"rendered":"<p>PROFESJONALNE DORADZTWO W ZAKRESIE OCHRONY \u015aRODOWISKA Jeste\u015bmy pasjonatami w bran\u017cy ochrony \u015brodowiska. Dostarczamy kompleksowe us\u0142ugi outsorcingowe i doradcze w zakresie ochrony \u015brodowiska dla firm. Pomo\u017cemy w uzyskaniu decyzji \u015brodowiskowych, pozwole\u0144, pozwole\u0144 zintegrowanych, oraz pe\u0142nej bie\u017c\u0105cej obs\u0142udze firm w zakresie ochrony \u015brodowiska.Pomo\u017cemy w sporz\u0105dzaniu sprawozda\u0144 do odpowiednich organ\u00f3w administracji rz\u0105dowej w zakresie wype\u0142niania obowi\u0105zk\u00f3w wynikaj\u0105cych z &hellip; <\/p>\n<p class=\"link-more\"><a href=\"https:\/\/www.jamarbhp.pl\/index.php\/ochrona-srodowiska\/\" class=\"more-link\">Czytaj dalej<span class=\"screen-reader-text\"> Ochrona \u015arodowiska<\/span><\/a><\/p>\n","protected":false},"author":1,"featured_media":0,"parent":0,"menu_order":0,"comment_status":"closed","ping_status":"closed","template":"","meta":[],"_links":{"self":[{"href":"https:\/\/www.jamarbhp.pl\/index.php\/wp-json\/wp\/v2\/pages\/50"}],"collection":[{"href":"https:\/\/www.jamarbhp.pl\/index.php\/wp-json\/wp\/v2\/pages"}],"about":[{"href":"https:\/\/www.jamarbhp.pl\/index.php\/wp-json\/wp\/v2\/types\/page"}],"author":[{"embeddable":true,"href":"https:\/\/www.jamarbhp.pl\/index.php\/wp-json\/wp\/v2\/users\/1"}],"replies":[{"embeddable":true,"href":"https:\/\/www.jamarbhp.pl\/index.php\/wp-json\/wp\/v2\/comments?post=50"}],"version-history":[{"count":5,"href":"https:\/\/www.jamarbhp.pl\/index.php\/wp-json\/wp\/v2\/pages\/50\/revisions"}],"predecessor-version":[{"id":79,"href":"https:\/\/www.jamarbhp.pl\/index.php\/wp-json\/wp\/v2\/pages\/50\/revisions\/79"}],"wp:attachment":[{"href":"https:\/\/www.jamarbhp.pl\/index.php\/wp-json\/wp\/v2\/media?parent=50"}],"curies":[{"name":"wp","href":"https:\/\/api.w.org\/{rel}","templated":true}]}}