{"id":21,"date":"2021-11-18T11:19:39","date_gmt":"2021-11-18T11:19:39","guid":{"rendered":"http:\/\/www.jamarbhp.pl\/?page_id=21"},"modified":"2021-11-18T12:37:56","modified_gmt":"2021-11-18T12:37:56","slug":"nowe-muzeum-sztuki-nowoczesnej-otwarlo-swoje-powoje","status":"publish","type":"page","link":"https:\/\/www.jamarbhp.pl\/","title":{"rendered":""},"content":{"rendered":"\n<div class=\"wp-block-group alignwide\"><div class=\"wp-block-group__inner-container\">\n<div class=\"wp-block-media-text alignwide is-stacked-on-mobile is-image-fill\" style=\"grid-template-columns:28% auto\"><figure class=\"wp-block-media-text__media\" style=\"background-image:url(https:\/\/www.jamarbhp.pl\/wp-content\/uploads\/2021\/11\/logo-1-2.jpg);background-position:50% 50%\"><img loading=\"lazy\" width=\"712\" height=\"620\" src=\"https:\/\/www.jamarbhp.pl\/wp-content\/uploads\/2021\/11\/logo-1-2.jpg\" alt=\"\" class=\"wp-image-65 size-full\" srcset=\"https:\/\/www.jamarbhp.pl\/wp-content\/uploads\/2021\/11\/logo-1-2.jpg 712w, https:\/\/www.jamarbhp.pl\/wp-content\/uploads\/2021\/11\/logo-1-2-300x261.jpg 300w\" sizes=\"(max-width: 712px) 100vw, 712px\" \/><\/figure><div class=\"wp-block-media-text__content\">\n<p><strong>Naczeln\u0105 zasad\u0105 JAMAR jest wykonywanie us\u0142ug na najwy\u017cszym poziomie, a miar\u0105 sukcesu &#8211; zadowolenie klient\u00f3w. <\/strong><strong><br><strong>JAMAR zajmujemy si\u0119 kompleksow\u0105 obs\u0142ug\u0105 i doradztwem BHP, Ppo\u017c i ochron\u0105 \u015brodowiska firm i instytucji oraz klient\u00f3w indywidualnych.<\/strong><\/strong><\/p>\n<\/div><\/div>\n<\/div><\/div>\n\n\n\n<p class=\"has-drop-cap\"><\/p>\n\n\n\n<p><\/p>\n\n\n\n<p><\/p>\n","protected":false},"excerpt":{"rendered":"<p>Naczeln\u0105 zasad\u0105 JAMAR jest wykonywanie us\u0142ug na najwy\u017cszym poziomie, a miar\u0105 sukcesu &#8211; zadowolenie klient\u00f3w. JAMAR zajmujemy si\u0119 kompleksow\u0105 obs\u0142ug\u0105 i doradztwem BHP, Ppo\u017c i ochron\u0105 \u015brodowiska firm i instytucji oraz klient\u00f3w indywidualnych.<\/p>\n","protected":false},"author":1,"featured_media":0,"parent":0,"menu_order":0,"comment_status":"closed","ping_status":"closed","template":"","meta":[],"_links":{"self":[{"href":"https:\/\/www.jamarbhp.pl\/index.php\/wp-json\/wp\/v2\/pages\/21"}],"collection":[{"href":"https:\/\/www.jamarbhp.pl\/index.php\/wp-json\/wp\/v2\/pages"}],"about":[{"href":"https:\/\/www.jamarbhp.pl\/index.php\/wp-json\/wp\/v2\/types\/page"}],"author":[{"embeddable":true,"href":"https:\/\/www.jamarbhp.pl\/index.php\/wp-json\/wp\/v2\/users\/1"}],"replies":[{"embeddable":true,"href":"https:\/\/www.jamarbhp.pl\/index.php\/wp-json\/wp\/v2\/comments?post=21"}],"version-history":[{"count":5,"href":"https:\/\/www.jamarbhp.pl\/index.php\/wp-json\/wp\/v2\/pages\/21\/revisions"}],"predecessor-version":[{"id":68,"href":"https:\/\/www.jamarbhp.pl\/index.php\/wp-json\/wp\/v2\/pages\/21\/revisions\/68"}],"wp:attachment":[{"href":"https:\/\/www.jamarbhp.pl\/index.php\/wp-json\/wp\/v2\/media?parent=21"}],"curies":[{"name":"wp","href":"https:\/\/api.w.org\/{rel}","templated":true}]}}